{"id":119,"date":"2011-06-26T10:20:00","date_gmt":"2011-06-26T10:20:00","guid":{"rendered":"http:\/\/www.derpassauer.de\/ILZTALBAHN\/wordpress\/?page_id=119"},"modified":"2012-12-27T08:10:29","modified_gmt":"2012-12-27T08:10:29","slug":"streckenplan","status":"publish","type":"page","link":"http:\/\/www.derpassauer.de\/ILZTALBAHN\/wordpress\/streckenplan\/","title":{"rendered":"Streckenplan"},"content":{"rendered":"<p><a href=\"http:\/\/www.derpassauer.de\/ILZTALBAHN\/wordpress\/wp-content\/uploads\/2011\/06\/StreckenplanSenkrecht.jpg\"><\/a><a href=\"http:\/\/www.derpassauer.de\/ILZTALBAHN\/wordpress\/wp-content\/uploads\/2011\/06\/streckenfuehrung_2012.jpg\"><img loading=\"lazy\" class=\"alignleft size-full wp-image-589\" title=\"Streckenplan Ilztalbahn 2012\" src=\"http:\/\/www.derpassauer.de\/ILZTALBAHN\/wordpress\/wp-content\/uploads\/2011\/06\/streckenfuehrung_2012.jpg\" alt=\"\" width=\"300\" height=\"607\" srcset=\"http:\/\/www.derpassauer.de\/ILZTALBAHN\/wordpress\/wp-content\/uploads\/2011\/06\/streckenfuehrung_2012.jpg 300w, http:\/\/www.derpassauer.de\/ILZTALBAHN\/wordpress\/wp-content\/uploads\/2011\/06\/streckenfuehrung_2012-148x300.jpg 148w\" sizes=\"(max-width: 300px) 100vw, 300px\" \/><\/a>Die Ilztalbahn startet am Passauer Hauptbahnhof, von dort f\u00fchrt sie nach Westen \u00fcber die\u00a0 Kursbuchstrecke 880, zweigt nach etwa zwei Kilometern nach Norden ab und \u00fcberquert auf der Kachletbr\u00fccke beim Kraftwerk Kachlet die Donau.<\/p>\n<p>Am Stelzlhof vorbei steigt sie \u00fcber Patriching in den Bayerischen Wald und erreicht hinter Tiefenbach das Ilztal, welchem sie nach Norden folgt.<\/p>\n<p>\u00dcber die beiden F\u00fcrstenecker  Tunneln verl\u00e4sst die Strecke das Ilztal und l\u00e4uft weiter nach Osten im Tal des  Osterbaches bis Waldkirchen.<\/p>\n<p>Von hier f\u00fchrt sie weiter in n\u00f6rdlicher Richtung nach Freyung.<\/p>\n<p>In Waldkirchen zweigt die Busverbindung ab und f\u00fchrt \u00fcber Haidm\u00fchle zum Bahnhof Nov\u00e9 \u00dadol\u00ed in Tschechien.<\/p>\n<p>In Freyung f\u00fchren Busverbindungen in den Nationalpark Bayerischer Wald Richtung Lusen und Grenze Buchwald.<\/p>\n<p>&nbsp;<\/p>\n","protected":false},"excerpt":{"rendered":"<p>Die Ilztalbahn startet am Passauer Hauptbahnhof, von dort f\u00fchrt sie nach Westen \u00fcber die\u00a0 Kursbuchstrecke 880, zweigt nach etwa zwei Kilometern nach Norden ab und \u00fcberquert auf der Kachletbr\u00fccke beim Kraftwerk Kachlet die Donau. Am Stelzlhof vorbei steigt sie \u00fcber &hellip; <a href=\"http:\/\/www.derpassauer.de\/ILZTALBAHN\/wordpress\/streckenplan\/\">Weiterlesen <span class=\"meta-nav\">&rarr;<\/span><\/a><\/p>\n","protected":false},"author":3,"featured_media":0,"parent":0,"menu_order":0,"comment_status":"closed","ping_status":"open","template":"","meta":[],"_links":{"self":[{"href":"http:\/\/www.derpassauer.de\/ILZTALBAHN\/wordpress\/wp-json\/wp\/v2\/pages\/119"}],"collection":[{"href":"http:\/\/www.derpassauer.de\/ILZTALBAHN\/wordpress\/wp-json\/wp\/v2\/pages"}],"about":[{"href":"http:\/\/www.derpassauer.de\/ILZTALBAHN\/wordpress\/wp-json\/wp\/v2\/types\/page"}],"author":[{"embeddable":true,"href":"http:\/\/www.derpassauer.de\/ILZTALBAHN\/wordpress\/wp-json\/wp\/v2\/users\/3"}],"replies":[{"embeddable":true,"href":"http:\/\/www.derpassauer.de\/ILZTALBAHN\/wordpress\/wp-json\/wp\/v2\/comments?post=119"}],"version-history":[{"count":10,"href":"http:\/\/www.derpassauer.de\/ILZTALBAHN\/wordpress\/wp-json\/wp\/v2\/pages\/119\/revisions"}],"predecessor-version":[{"id":135,"href":"http:\/\/www.derpassauer.de\/ILZTALBAHN\/wordpress\/wp-json\/wp\/v2\/pages\/119\/revisions\/135"}],"wp:attachment":[{"href":"http:\/\/www.derpassauer.de\/ILZTALBAHN\/wordpress\/wp-json\/wp\/v2\/media?parent=119"}],"curies":[{"name":"wp","href":"https:\/\/api.w.org\/{rel}","templated":true}]}}