{"id":194,"date":"2011-06-26T19:28:53","date_gmt":"2011-06-26T19:28:53","guid":{"rendered":"http:\/\/www.derpassauer.de\/ILZTALBAHN\/wordpress\/?page_id=194"},"modified":"2024-03-17T09:19:00","modified_gmt":"2024-03-17T08:19:00","slug":"ziele-des-vereins-zur-forderung-der-ilztalbahn","status":"publish","type":"page","link":"http:\/\/www.derpassauer.de\/ILZTALBAHN\/wordpress\/ziele-des-vereins-zur-forderung-der-ilztalbahn\/","title":{"rendered":"Ziele des Vereins zur F\u00f6rderung der Ilztalbahn"},"content":{"rendered":"<p>Unser zentrales und dringliches Ziel ist zu allererst der Erhalt dieser einmaligen Eisenbahnstrecke. Genaueres steht in unserer Satzung:<\/p>\n<hr \/>\n<h2><strong>\u00a72 Zweck des Vereins<br \/>\n<\/strong><\/h2>\n<p>Zweck des Vereins ist die F\u00f6rderung des Denkmalschutzes und der Denkmalpflege, sowie die F\u00f6rderung des Umweltschutzes.<\/p>\n<p>Der Satzungszweck wird verwirklicht insbesondere durch die benutzungsf\u00e4hige Erhaltung der Bahnstrecke Passau \u2013 Freyung mit den vorhandenen denkmalgesch\u00fctzten Baulichkeiten. Der Verein f\u00f6rdert den Umweltschutz dadurch, dass ein klima- und umweltfreundlicher Verkehrsweg der Allgemeinheit f\u00fcr die Zukunft erhalten bleibt.&#8220;<\/p>\n<hr \/>\n<p>Die vollst\u00e4ndige Satzung k\u00f6nnen Sie <a href=\"http:\/\/www.derpassauer.de\/ILZTALBAHN\/wordpress\/wp-content\/uploads\/2024\/03\/Satzung_Foerderverein_Ilztalbahn_2022.pdf\">hier<\/a> nachlesen.<\/p>\n","protected":false},"excerpt":{"rendered":"<p>Unser zentrales und dringliches Ziel ist zu allererst der Erhalt dieser einmaligen Eisenbahnstrecke. Genaueres steht in unserer Satzung: \u00a72 Zweck des Vereins Zweck des Vereins ist die F\u00f6rderung des Denkmalschutzes und der Denkmalpflege, sowie die F\u00f6rderung des Umweltschutzes. Der Satzungszweck &hellip; <a href=\"http:\/\/www.derpassauer.de\/ILZTALBAHN\/wordpress\/ziele-des-vereins-zur-forderung-der-ilztalbahn\/\">Weiterlesen <span class=\"meta-nav\">&rarr;<\/span><\/a><\/p>\n","protected":false},"author":3,"featured_media":0,"parent":0,"menu_order":0,"comment_status":"open","ping_status":"open","template":"","meta":[],"_links":{"self":[{"href":"http:\/\/www.derpassauer.de\/ILZTALBAHN\/wordpress\/wp-json\/wp\/v2\/pages\/194"}],"collection":[{"href":"http:\/\/www.derpassauer.de\/ILZTALBAHN\/wordpress\/wp-json\/wp\/v2\/pages"}],"about":[{"href":"http:\/\/www.derpassauer.de\/ILZTALBAHN\/wordpress\/wp-json\/wp\/v2\/types\/page"}],"author":[{"embeddable":true,"href":"http:\/\/www.derpassauer.de\/ILZTALBAHN\/wordpress\/wp-json\/wp\/v2\/users\/3"}],"replies":[{"embeddable":true,"href":"http:\/\/www.derpassauer.de\/ILZTALBAHN\/wordpress\/wp-json\/wp\/v2\/comments?post=194"}],"version-history":[{"count":7,"href":"http:\/\/www.derpassauer.de\/ILZTALBAHN\/wordpress\/wp-json\/wp\/v2\/pages\/194\/revisions"}],"predecessor-version":[{"id":2076,"href":"http:\/\/www.derpassauer.de\/ILZTALBAHN\/wordpress\/wp-json\/wp\/v2\/pages\/194\/revisions\/2076"}],"wp:attachment":[{"href":"http:\/\/www.derpassauer.de\/ILZTALBAHN\/wordpress\/wp-json\/wp\/v2\/media?parent=194"}],"curies":[{"name":"wp","href":"https:\/\/api.w.org\/{rel}","templated":true}]}}