{"id":199,"date":"2011-06-26T19:51:43","date_gmt":"2011-06-26T19:51:43","guid":{"rendered":"http:\/\/www.derpassauer.de\/ILZTALBAHN\/wordpress\/?page_id=199"},"modified":"2013-01-09T17:36:38","modified_gmt":"2013-01-09T16:36:38","slug":"streckenbilder","status":"publish","type":"page","link":"http:\/\/www.derpassauer.de\/ILZTALBAHN\/wordpress\/streckenbilder\/","title":{"rendered":"Bilder von Arbeitseins\u00e4tzen"},"content":{"rendered":"<p>Bilder von Arbeitseins\u00e4tzen<\/p>\n<p>Unseren vielen freiwilligen Helfer r\u00fccken bei jedem Wetter aus um die Strecke in Stand zu halten. Doch die gr\u00f6\u00dfte Arbeit war die Strecke von einem Jahrelang unbenutztem Zustand wieder herzurichten, dass der Zug fahren kann.<\/p>\n<p>Machen Sie sich selbst ein Bild davon<\/p>\n<div id='gallery-1' class='gallery galleryid-199 gallery-columns-4 gallery-size-thumbnail'><dl class='gallery-item'>\n\t\t\t<dt class='gallery-icon landscape'>\n\t\t\t\t<a href='http:\/\/www.derpassauer.de\/ILZTALBAHN\/wordpress\/streckenbilder\/tunnel_tiefenbach\/'><img width=\"150\" height=\"150\" src=\"http:\/\/www.derpassauer.de\/ILZTALBAHN\/wordpress\/wp-content\/uploads\/2011\/06\/Tunnel_Tiefenbach-150x150.jpg\" class=\"attachment-thumbnail size-thumbnail\" alt=\"\" loading=\"lazy\" \/><\/a>\n\t\t\t<\/dt><\/dl><dl class='gallery-item'>\n\t\t\t<dt class='gallery-icon landscape'>\n\t\t\t\t<a href='http:\/\/www.derpassauer.de\/ILZTALBAHN\/wordpress\/streckenbilder\/itb-strecke-2009-01\/'><img width=\"150\" height=\"150\" src=\"http:\/\/www.derpassauer.de\/ILZTALBAHN\/wordpress\/wp-content\/uploads\/2011\/06\/itb-strecke-2009-01-150x150.jpg\" class=\"attachment-thumbnail size-thumbnail\" alt=\"\" loading=\"lazy\" \/><\/a>\n\t\t\t<\/dt><\/dl><dl class='gallery-item'>\n\t\t\t<dt class='gallery-icon landscape'>\n\t\t\t\t<a href='http:\/\/www.derpassauer.de\/ILZTALBAHN\/wordpress\/streckenbilder\/itb-strecke-2009-02\/'><img width=\"150\" height=\"150\" src=\"http:\/\/www.derpassauer.de\/ILZTALBAHN\/wordpress\/wp-content\/uploads\/2011\/06\/itb-strecke-2009-02-150x150.jpg\" class=\"attachment-thumbnail size-thumbnail\" alt=\"\" loading=\"lazy\" \/><\/a>\n\t\t\t<\/dt><\/dl><dl class='gallery-item'>\n\t\t\t<dt class='gallery-icon landscape'>\n\t\t\t\t<a href='http:\/\/www.derpassauer.de\/ILZTALBAHN\/wordpress\/streckenbilder\/itb-strecke-2009-03\/'><img width=\"150\" height=\"150\" src=\"http:\/\/www.derpassauer.de\/ILZTALBAHN\/wordpress\/wp-content\/uploads\/2011\/06\/itb-strecke-2009-03-150x150.jpg\" class=\"attachment-thumbnail size-thumbnail\" alt=\"\" loading=\"lazy\" \/><\/a>\n\t\t\t<\/dt><\/dl><br style=\"clear: both\" \/><dl class='gallery-item'>\n\t\t\t<dt class='gallery-icon landscape'>\n\t\t\t\t<a href='http:\/\/www.derpassauer.de\/ILZTALBAHN\/wordpress\/streckenbilder\/itb-strecke-2009-04\/'><img width=\"150\" height=\"150\" src=\"http:\/\/www.derpassauer.de\/ILZTALBAHN\/wordpress\/wp-content\/uploads\/2011\/06\/itb-strecke-2009-04-150x150.jpg\" class=\"attachment-thumbnail size-thumbnail\" alt=\"\" loading=\"lazy\" \/><\/a>\n\t\t\t<\/dt><\/dl><dl class='gallery-item'>\n\t\t\t<dt class='gallery-icon landscape'>\n\t\t\t\t<a href='http:\/\/www.derpassauer.de\/ILZTALBAHN\/wordpress\/streckenbilder\/itb-strecke-2009-05\/'><img width=\"150\" height=\"150\" src=\"http:\/\/www.derpassauer.de\/ILZTALBAHN\/wordpress\/wp-content\/uploads\/2011\/06\/itb-strecke-2009-05-150x150.jpg\" class=\"attachment-thumbnail size-thumbnail\" alt=\"\" loading=\"lazy\" \/><\/a>\n\t\t\t<\/dt><\/dl><dl class='gallery-item'>\n\t\t\t<dt class='gallery-icon landscape'>\n\t\t\t\t<a href='http:\/\/www.derpassauer.de\/ILZTALBAHN\/wordpress\/streckenbilder\/itb-strecke-2009-06\/'><img width=\"150\" height=\"150\" src=\"http:\/\/www.derpassauer.de\/ILZTALBAHN\/wordpress\/wp-content\/uploads\/2011\/06\/itb-strecke-2009-06-150x150.jpg\" class=\"attachment-thumbnail size-thumbnail\" alt=\"\" loading=\"lazy\" \/><\/a>\n\t\t\t<\/dt><\/dl><dl class='gallery-item'>\n\t\t\t<dt class='gallery-icon landscape'>\n\t\t\t\t<a href='http:\/\/www.derpassauer.de\/ILZTALBAHN\/wordpress\/streckenbilder\/itb-strecke-2009-07\/'><img width=\"150\" height=\"150\" src=\"http:\/\/www.derpassauer.de\/ILZTALBAHN\/wordpress\/wp-content\/uploads\/2011\/06\/itb-strecke-2009-07-150x150.jpg\" class=\"attachment-thumbnail size-thumbnail\" alt=\"\" loading=\"lazy\" \/><\/a>\n\t\t\t<\/dt><\/dl><br style=\"clear: both\" \/><dl class='gallery-item'>\n\t\t\t<dt class='gallery-icon landscape'>\n\t\t\t\t<a href='http:\/\/www.derpassauer.de\/ILZTALBAHN\/wordpress\/streckenbilder\/itb-strecke-2009-08\/'><img width=\"150\" height=\"150\" src=\"http:\/\/www.derpassauer.de\/ILZTALBAHN\/wordpress\/wp-content\/uploads\/2011\/06\/itb-strecke-2009-08-150x150.jpg\" class=\"attachment-thumbnail size-thumbnail\" alt=\"\" loading=\"lazy\" \/><\/a>\n\t\t\t<\/dt><\/dl><dl class='gallery-item'>\n\t\t\t<dt class='gallery-icon landscape'>\n\t\t\t\t<a href='http:\/\/www.derpassauer.de\/ILZTALBAHN\/wordpress\/streckenbilder\/itb-strecke-2009-09\/'><img width=\"150\" height=\"150\" src=\"http:\/\/www.derpassauer.de\/ILZTALBAHN\/wordpress\/wp-content\/uploads\/2011\/06\/itb-strecke-2009-09-150x150.jpg\" class=\"attachment-thumbnail size-thumbnail\" alt=\"\" loading=\"lazy\" \/><\/a>\n\t\t\t<\/dt><\/dl><dl class='gallery-item'>\n\t\t\t<dt class='gallery-icon portrait'>\n\t\t\t\t<a href='http:\/\/www.derpassauer.de\/ILZTALBAHN\/wordpress\/streckenbilder\/karlsbach5\/'><img width=\"150\" height=\"150\" src=\"http:\/\/www.derpassauer.de\/ILZTALBAHN\/wordpress\/wp-content\/uploads\/2011\/06\/Karlsbach5-150x150.jpg\" class=\"attachment-thumbnail size-thumbnail\" alt=\"\" loading=\"lazy\" \/><\/a>\n\t\t\t<\/dt><\/dl><dl class='gallery-item'>\n\t\t\t<dt class='gallery-icon landscape'>\n\t\t\t\t<a href='http:\/\/www.derpassauer.de\/ILZTALBAHN\/wordpress\/streckenbilder\/itb-schiene-unverbuscht\/'><img width=\"150\" height=\"150\" src=\"http:\/\/www.derpassauer.de\/ILZTALBAHN\/wordpress\/wp-content\/uploads\/2011\/06\/itb-schiene-unverbuscht-150x150.jpg\" class=\"attachment-thumbnail size-thumbnail\" alt=\"\" loading=\"lazy\" \/><\/a>\n\t\t\t<\/dt><\/dl><br style=\"clear: both\" \/><dl class='gallery-item'>\n\t\t\t<dt class='gallery-icon landscape'>\n\t\t\t\t<a href='http:\/\/www.derpassauer.de\/ILZTALBAHN\/wordpress\/streckenbilder\/km16_9-2\/'><img width=\"150\" height=\"150\" src=\"http:\/\/www.derpassauer.de\/ILZTALBAHN\/wordpress\/wp-content\/uploads\/2011\/06\/km16_91-150x150.png\" class=\"attachment-thumbnail size-thumbnail\" alt=\"\" loading=\"lazy\" \/><\/a>\n\t\t\t<\/dt><\/dl><dl class='gallery-item'>\n\t\t\t<dt class='gallery-icon landscape'>\n\t\t\t\t<a href='http:\/\/www.derpassauer.de\/ILZTALBAHN\/wordpress\/streckenbilder\/ilzbruecke2-2\/'><img width=\"150\" height=\"150\" src=\"http:\/\/www.derpassauer.de\/ILZTALBAHN\/wordpress\/wp-content\/uploads\/2011\/06\/IlzBruecke21-150x150.png\" class=\"attachment-thumbnail size-thumbnail\" alt=\"\" loading=\"lazy\" \/><\/a>\n\t\t\t<\/dt><\/dl><dl class='gallery-item'>\n\t\t\t<dt class='gallery-icon landscape'>\n\t\t\t\t<a href='http:\/\/www.derpassauer.de\/ILZTALBAHN\/wordpress\/streckenbilder\/ilzbruecke-2\/'><img width=\"150\" height=\"150\" src=\"http:\/\/www.derpassauer.de\/ILZTALBAHN\/wordpress\/wp-content\/uploads\/2011\/06\/IlzBruecke1-150x150.png\" class=\"attachment-thumbnail size-thumbnail\" alt=\"\" loading=\"lazy\" \/><\/a>\n\t\t\t<\/dt><\/dl><dl class='gallery-item'>\n\t\t\t<dt class='gallery-icon landscape'>\n\t\t\t\t<a href='http:\/\/www.derpassauer.de\/ILZTALBAHN\/wordpress\/streckenbilder\/itb-gleis-1902\/'><img width=\"150\" height=\"150\" src=\"http:\/\/www.derpassauer.de\/ILZTALBAHN\/wordpress\/wp-content\/uploads\/2011\/06\/itb-gleis-1902-150x150.jpg\" class=\"attachment-thumbnail size-thumbnail\" alt=\"\" loading=\"lazy\" \/><\/a>\n\t\t\t<\/dt><\/dl><br style=\"clear: both\" \/><dl class='gallery-item'>\n\t\t\t<dt class='gallery-icon portrait'>\n\t\t\t\t<a href='http:\/\/www.derpassauer.de\/ILZTALBAHN\/wordpress\/streckenbilder\/itb-bruecke-km31\/'><img width=\"150\" height=\"150\" src=\"http:\/\/www.derpassauer.de\/ILZTALBAHN\/wordpress\/wp-content\/uploads\/2011\/06\/itb-bruecke-km31-150x150.jpg\" class=\"attachment-thumbnail size-thumbnail\" alt=\"\" loading=\"lazy\" \/><\/a>\n\t\t\t<\/dt><\/dl><dl class='gallery-item'>\n\t\t\t<dt class='gallery-icon landscape'>\n\t\t\t\t<a href='http:\/\/www.derpassauer.de\/ILZTALBAHN\/wordpress\/streckenbilder\/bahn_rad-2\/'><img width=\"150\" height=\"150\" src=\"http:\/\/www.derpassauer.de\/ILZTALBAHN\/wordpress\/wp-content\/uploads\/2011\/06\/Bahn_Rad1-150x150.png\" class=\"attachment-thumbnail size-thumbnail\" alt=\"\" loading=\"lazy\" \/><\/a>\n\t\t\t<\/dt><\/dl>\n\t\t\t<br style='clear: both' \/>\n\t\t<\/div>\n\n","protected":false},"excerpt":{"rendered":"<p>Bilder von Arbeitseins\u00e4tzen Unseren vielen freiwilligen Helfer r\u00fccken bei jedem Wetter aus um die Strecke in Stand zu halten. Doch die gr\u00f6\u00dfte Arbeit war die Strecke von einem Jahrelang unbenutztem Zustand wieder herzurichten, dass der Zug fahren kann. Machen Sie &hellip; <a href=\"http:\/\/www.derpassauer.de\/ILZTALBAHN\/wordpress\/streckenbilder\/\">Weiterlesen <span class=\"meta-nav\">&rarr;<\/span><\/a><\/p>\n","protected":false},"author":3,"featured_media":0,"parent":0,"menu_order":0,"comment_status":"closed","ping_status":"open","template":"","meta":[],"_links":{"self":[{"href":"http:\/\/www.derpassauer.de\/ILZTALBAHN\/wordpress\/wp-json\/wp\/v2\/pages\/199"}],"collection":[{"href":"http:\/\/www.derpassauer.de\/ILZTALBAHN\/wordpress\/wp-json\/wp\/v2\/pages"}],"about":[{"href":"http:\/\/www.derpassauer.de\/ILZTALBAHN\/wordpress\/wp-json\/wp\/v2\/types\/page"}],"author":[{"embeddable":true,"href":"http:\/\/www.derpassauer.de\/ILZTALBAHN\/wordpress\/wp-json\/wp\/v2\/users\/3"}],"replies":[{"embeddable":true,"href":"http:\/\/www.derpassauer.de\/ILZTALBAHN\/wordpress\/wp-json\/wp\/v2\/comments?post=199"}],"version-history":[{"count":7,"href":"http:\/\/www.derpassauer.de\/ILZTALBAHN\/wordpress\/wp-json\/wp\/v2\/pages\/199\/revisions"}],"predecessor-version":[{"id":227,"href":"http:\/\/www.derpassauer.de\/ILZTALBAHN\/wordpress\/wp-json\/wp\/v2\/pages\/199\/revisions\/227"}],"wp:attachment":[{"href":"http:\/\/www.derpassauer.de\/ILZTALBAHN\/wordpress\/wp-json\/wp\/v2\/media?parent=199"}],"curies":[{"name":"wp","href":"https:\/\/api.w.org\/{rel}","templated":true}]}}