{"id":201,"date":"2011-06-26T20:00:42","date_gmt":"2011-06-26T20:00:42","guid":{"rendered":"http:\/\/www.derpassauer.de\/ILZTALBAHN\/wordpress\/?page_id=201"},"modified":"2013-01-09T17:41:55","modified_gmt":"2013-01-09T16:41:55","slug":"zugbilder","status":"publish","type":"page","link":"http:\/\/www.derpassauer.de\/ILZTALBAHN\/wordpress\/zugbilder\/","title":{"rendered":"Zugbilder"},"content":{"rendered":"<p><strong>Zugbilder<\/strong><\/p>\n<p>In dem langem Leben der Strecke sind viele verschiedene Z\u00fcge \u00fcber die Schienen gerollt. Ob es der Panzertransport nach Freyung war oder Jugendgruppen f\u00fcr ein Zeltlager im Bayrischen Wald.<\/p>\n<div id='gallery-1' class='gallery galleryid-201 gallery-columns-4 gallery-size-thumbnail'><dl class='gallery-item'>\n\t\t\t<dt class='gallery-icon portrait'>\n\t\t\t\t<a href='http:\/\/www.derpassauer.de\/ILZTALBAHN\/wordpress\/zugbilder\/waldkirchen-2\/'><img width=\"150\" height=\"144\" src=\"http:\/\/www.derpassauer.de\/ILZTALBAHN\/wordpress\/wp-content\/uploads\/2011\/06\/Waldkirchen1-e1309118903324-150x144.jpg\" class=\"attachment-thumbnail size-thumbnail\" alt=\"\" loading=\"lazy\" \/><\/a>\n\t\t\t<\/dt><\/dl><dl class='gallery-item'>\n\t\t\t<dt class='gallery-icon landscape'>\n\t\t\t\t<a href='http:\/\/www.derpassauer.de\/ILZTALBAHN\/wordpress\/zugbilder\/vt08roehrnbach-2\/'><img width=\"150\" height=\"150\" src=\"http:\/\/www.derpassauer.de\/ILZTALBAHN\/wordpress\/wp-content\/uploads\/2011\/06\/vt08roehrnbach1-150x150.jpg\" class=\"attachment-thumbnail size-thumbnail\" alt=\"\" loading=\"lazy\" \/><\/a>\n\t\t\t<\/dt><\/dl><dl class='gallery-item'>\n\t\t\t<dt class='gallery-icon landscape'>\n\t\t\t\t<a href='http:\/\/www.derpassauer.de\/ILZTALBAHN\/wordpress\/zugbilder\/shuttle-2\/'><img width=\"150\" height=\"150\" src=\"http:\/\/www.derpassauer.de\/ILZTALBAHN\/wordpress\/wp-content\/uploads\/2011\/06\/Shuttle1-150x150.jpg\" class=\"attachment-thumbnail size-thumbnail\" alt=\"\" loading=\"lazy\" \/><\/a>\n\t\t\t<\/dt><\/dl><dl class='gallery-item'>\n\t\t\t<dt class='gallery-icon landscape'>\n\t\t\t\t<a href='http:\/\/www.derpassauer.de\/ILZTALBAHN\/wordpress\/zugbilder\/sdzneuhausmuehle98-2\/'><img width=\"150\" height=\"150\" src=\"http:\/\/www.derpassauer.de\/ILZTALBAHN\/wordpress\/wp-content\/uploads\/2011\/06\/sdzneuhausmuehle981-150x150.jpg\" class=\"attachment-thumbnail size-thumbnail\" alt=\"\" loading=\"lazy\" \/><\/a>\n\t\t\t<\/dt><\/dl><br style=\"clear: both\" \/><dl class='gallery-item'>\n\t\t\t<dt class='gallery-icon landscape'>\n\t\t\t\t<a href='http:\/\/www.derpassauer.de\/ILZTALBAHN\/wordpress\/zugbilder\/schienenbus734s9015\/'><img width=\"150\" height=\"150\" src=\"http:\/\/www.derpassauer.de\/ILZTALBAHN\/wordpress\/wp-content\/uploads\/2011\/06\/Schienenbus734S9015-150x150.jpg\" class=\"attachment-thumbnail size-thumbnail\" alt=\"\" loading=\"lazy\" \/><\/a>\n\t\t\t<\/dt><\/dl><dl class='gallery-item'>\n\t\t\t<dt class='gallery-icon landscape'>\n\t\t\t\t<a href='http:\/\/www.derpassauer.de\/ILZTALBAHN\/wordpress\/zugbilder\/bahnhofpassau734s0954\/'><img width=\"150\" height=\"150\" src=\"http:\/\/www.derpassauer.de\/ILZTALBAHN\/wordpress\/wp-content\/uploads\/2011\/06\/BahnhofPassau734S0954-150x150.jpg\" class=\"attachment-thumbnail size-thumbnail\" alt=\"\" loading=\"lazy\" \/><\/a>\n\t\t\t<\/dt><\/dl><dl class='gallery-item'>\n\t\t\t<dt class='gallery-icon landscape'>\n\t\t\t\t<a href='http:\/\/www.derpassauer.de\/ILZTALBAHN\/wordpress\/zugbilder\/rs734s0623\/'><img width=\"150\" height=\"150\" src=\"http:\/\/www.derpassauer.de\/ILZTALBAHN\/wordpress\/wp-content\/uploads\/2011\/06\/RS734S0623-150x150.jpg\" class=\"attachment-thumbnail size-thumbnail\" alt=\"\" loading=\"lazy\" \/><\/a>\n\t\t\t<\/dt><\/dl><dl class='gallery-item'>\n\t\t\t<dt class='gallery-icon landscape'>\n\t\t\t\t<a href='http:\/\/www.derpassauer.de\/ILZTALBAHN\/wordpress\/zugbilder\/landschaft-mit-798-2\/'><img width=\"150\" height=\"150\" src=\"http:\/\/www.derpassauer.de\/ILZTALBAHN\/wordpress\/wp-content\/uploads\/2011\/06\/landschaft-mit-7981-150x150.jpg\" class=\"attachment-thumbnail size-thumbnail\" alt=\"\" loading=\"lazy\" \/><\/a>\n\t\t\t<\/dt><\/dl><br style=\"clear: both\" \/><dl class='gallery-item'>\n\t\t\t<dt class='gallery-icon landscape'>\n\t\t\t\t<a href='http:\/\/www.derpassauer.de\/ILZTALBAHN\/wordpress\/zugbilder\/grillaberg734s1833\/'><img width=\"150\" height=\"150\" src=\"http:\/\/www.derpassauer.de\/ILZTALBAHN\/wordpress\/wp-content\/uploads\/2011\/06\/Grillaberg734S1833-150x150.jpg\" class=\"attachment-thumbnail size-thumbnail\" alt=\"\" loading=\"lazy\" \/><\/a>\n\t\t\t<\/dt><\/dl><dl class='gallery-item'>\n\t\t\t<dt class='gallery-icon landscape'>\n\t\t\t\t<a href='http:\/\/www.derpassauer.de\/ILZTALBAHN\/wordpress\/zugbilder\/fischhaus\/'><img width=\"150\" height=\"150\" src=\"http:\/\/www.derpassauer.de\/ILZTALBAHN\/wordpress\/wp-content\/uploads\/2011\/06\/Fischhaus-150x150.jpg\" class=\"attachment-thumbnail size-thumbnail\" alt=\"\" loading=\"lazy\" \/><\/a>\n\t\t\t<\/dt><\/dl><dl class='gallery-item'>\n\t\t\t<dt class='gallery-icon landscape'>\n\t\t\t\t<a href='http:\/\/www.derpassauer.de\/ILZTALBAHN\/wordpress\/zugbilder\/1982-schiefweg-wk-zug-3-2\/'><img width=\"150\" height=\"150\" src=\"http:\/\/www.derpassauer.de\/ILZTALBAHN\/wordpress\/wp-content\/uploads\/2011\/06\/1982-Schiefweg-WK-Zug-31-150x150.jpg\" class=\"attachment-thumbnail size-thumbnail\" alt=\"\" loading=\"lazy\" \/><\/a>\n\t\t\t<\/dt><\/dl>\n\t\t\t<br style='clear: both' \/>\n\t\t<\/div>\n\n","protected":false},"excerpt":{"rendered":"<p>Zugbilder In dem langem Leben der Strecke sind viele verschiedene Z\u00fcge \u00fcber die Schienen gerollt. Ob es der Panzertransport nach Freyung war oder Jugendgruppen f\u00fcr ein Zeltlager im Bayrischen Wald.<\/p>\n","protected":false},"author":3,"featured_media":0,"parent":0,"menu_order":0,"comment_status":"closed","ping_status":"open","template":"","meta":[],"_links":{"self":[{"href":"http:\/\/www.derpassauer.de\/ILZTALBAHN\/wordpress\/wp-json\/wp\/v2\/pages\/201"}],"collection":[{"href":"http:\/\/www.derpassauer.de\/ILZTALBAHN\/wordpress\/wp-json\/wp\/v2\/pages"}],"about":[{"href":"http:\/\/www.derpassauer.de\/ILZTALBAHN\/wordpress\/wp-json\/wp\/v2\/types\/page"}],"author":[{"embeddable":true,"href":"http:\/\/www.derpassauer.de\/ILZTALBAHN\/wordpress\/wp-json\/wp\/v2\/users\/3"}],"replies":[{"embeddable":true,"href":"http:\/\/www.derpassauer.de\/ILZTALBAHN\/wordpress\/wp-json\/wp\/v2\/comments?post=201"}],"version-history":[{"count":8,"href":"http:\/\/www.derpassauer.de\/ILZTALBAHN\/wordpress\/wp-json\/wp\/v2\/pages\/201\/revisions"}],"predecessor-version":[{"id":735,"href":"http:\/\/www.derpassauer.de\/ILZTALBAHN\/wordpress\/wp-json\/wp\/v2\/pages\/201\/revisions\/735"}],"wp:attachment":[{"href":"http:\/\/www.derpassauer.de\/ILZTALBAHN\/wordpress\/wp-json\/wp\/v2\/media?parent=201"}],"curies":[{"name":"wp","href":"https:\/\/api.w.org\/{rel}","templated":true}]}}