{"id":277,"date":"2011-07-01T06:42:05","date_gmt":"2011-07-01T06:42:05","guid":{"rendered":"http:\/\/www.derpassauer.de\/ILZTALBAHN\/wordpress\/?page_id=277"},"modified":"2024-04-04T22:04:38","modified_gmt":"2024-04-04T20:04:38","slug":"mitgliedsantrag","status":"publish","type":"page","link":"http:\/\/www.derpassauer.de\/ILZTALBAHN\/wordpress\/mitgliedsantrag\/","title":{"rendered":"Mitgliedsantrag"},"content":{"rendered":"<h3><strong>Auch Sie k\u00f6nnen mithelfen!<\/strong><\/h3>\n<p><strong>VEREIN:<\/strong> Werden Sie Mitglied bei uns, dem \u201eF\u00f6rderverein Ilztalbahn e.V.\u201c<br \/>\nWir und \u00fcber 600 weitere Mitglieder freuen sich \u00fcber \u201eZuwachs\u201c.<br \/>\n<a href=\"http:\/\/www.derpassauer.de\/ILZTALBAHN\/wordpress\/wp-content\/uploads\/2021\/09\/Mitgliedsantrag-FV-Ilztalbahn-2021.pdf\">Hier k\u00f6nnen Sie sich den Mitgliedsantrag herunterladen<\/a>.<\/p>\n<p><a href=\"http:\/\/www.derpassauer.de\/ILZTALBAHN\/wordpress\/wp-content\/uploads\/2021\/09\/Mitgliedsantrag-FV-Ilztalbahn-2021.pdf\">Normale Mitgliedschaft<\/a> \/ <a href=\"http:\/\/www.derpassauer.de\/ILZTALBAHN\/wordpress\/wp-content\/uploads\/2021\/09\/Mitgliedschaft-Plus-Antrag-2021.pdf\">Mitgliedschaft Plus<\/a> \/ <a href=\"http:\/\/www.derpassauer.de\/ILZTALBAHN\/wordpress\/wp-content\/uploads\/2021\/09\/Mitgliedschaft-Gold-Antrag-2021.pdf\">Mitgliedschaft Gold<\/a><\/p>\n<p><strong>SPENDEN:<\/strong><br \/>\nFinanziell: kleine und gro\u00dfe Geldspenden lassen uns die st\u00e4ndigen Ausgaben f\u00fcr den Erhalt der Strecke besser bew\u00e4ltigen und erleichtern Entscheidungen.<\/p>\n<p>Bankverbindungen F\u00f6rderverein Ilztalbahn e.V.:<br \/>\nRaiffeisenbank Grainet<br \/>\nBLZ: 74069744<br \/>\nKto.: 44881<br \/>\nIBAN: DE98 7406 9744 0000 0448 81<br \/>\nBIC: GENODEF1GRT<\/p>\n<p>Sparkasse Waldkirchen<br \/>\nBLZ: 74051230<br \/>\nKto.: 60113347<br \/>\nIBAN: DE22 7405 1230 0060 1133 47<br \/>\nBIC: BYLADEM1FRG<\/p>\n<p>Der Verein ist unter der Steuernummer 153\/108\/31651 beim Finanzamt Passau als gemeinn\u00fctzig anerkannt. Sie erhalten von uns auf Wunsch eine Zuwendungsbest\u00e4tigung.<\/p>\n<p>Materiell: Ebenso gern gesehen sind Sachspenden, die nach R\u00fccksprache mit den Vereinsaktiven sehr oft auch schon viel weitergeholfen haben. Als aktuelles Beispiel hier nur die Spenden f\u00fcr die Bauwagensanierung am Bahnhof Freyung oder auch manuell zu bedienende Bauger\u00e4te zum Erhalt der Trasse.<\/p>\n","protected":false},"excerpt":{"rendered":"<p>Auch Sie k\u00f6nnen mithelfen! VEREIN: Werden Sie Mitglied bei uns, dem \u201eF\u00f6rderverein Ilztalbahn e.V.\u201c Wir und \u00fcber 600 weitere Mitglieder freuen sich \u00fcber \u201eZuwachs\u201c. Hier k\u00f6nnen Sie sich den Mitgliedsantrag herunterladen. Normale Mitgliedschaft \/ Mitgliedschaft Plus \/ Mitgliedschaft Gold SPENDEN: &hellip; <a href=\"http:\/\/www.derpassauer.de\/ILZTALBAHN\/wordpress\/mitgliedsantrag\/\">Weiterlesen <span class=\"meta-nav\">&rarr;<\/span><\/a><\/p>\n","protected":false},"author":3,"featured_media":0,"parent":0,"menu_order":0,"comment_status":"closed","ping_status":"closed","template":"","meta":[],"_links":{"self":[{"href":"http:\/\/www.derpassauer.de\/ILZTALBAHN\/wordpress\/wp-json\/wp\/v2\/pages\/277"}],"collection":[{"href":"http:\/\/www.derpassauer.de\/ILZTALBAHN\/wordpress\/wp-json\/wp\/v2\/pages"}],"about":[{"href":"http:\/\/www.derpassauer.de\/ILZTALBAHN\/wordpress\/wp-json\/wp\/v2\/types\/page"}],"author":[{"embeddable":true,"href":"http:\/\/www.derpassauer.de\/ILZTALBAHN\/wordpress\/wp-json\/wp\/v2\/users\/3"}],"replies":[{"embeddable":true,"href":"http:\/\/www.derpassauer.de\/ILZTALBAHN\/wordpress\/wp-json\/wp\/v2\/comments?post=277"}],"version-history":[{"count":27,"href":"http:\/\/www.derpassauer.de\/ILZTALBAHN\/wordpress\/wp-json\/wp\/v2\/pages\/277\/revisions"}],"predecessor-version":[{"id":2098,"href":"http:\/\/www.derpassauer.de\/ILZTALBAHN\/wordpress\/wp-json\/wp\/v2\/pages\/277\/revisions\/2098"}],"wp:attachment":[{"href":"http:\/\/www.derpassauer.de\/ILZTALBAHN\/wordpress\/wp-json\/wp\/v2\/media?parent=277"}],"curies":[{"name":"wp","href":"https:\/\/api.w.org\/{rel}","templated":true}]}}